{"id":99,"date":"2021-05-28T16:41:51","date_gmt":"2021-05-28T16:41:51","guid":{"rendered":"https:\/\/www.krusnohorskypohar.cz\/?page_id=99"},"modified":"2021-10-11T18:50:18","modified_gmt":"2021-10-11T18:50:18","slug":"vysledky-2021","status":"publish","type":"page","link":"https:\/\/www.krusnohorskypohar.cz\/index.php\/vysledky-2021\/","title":{"rendered":"V\u00fdsledky 2021"},"content":{"rendered":"\n<figure class=\"wp-block-table is-style-stripes\"><table><tbody><tr><td><strong><a href=\"https:\/\/www.krusnohorskypohar.cz\/wp-content\/uploads\/2021\/10\/231.pdf\" target=\"_blank\" rel=\"noreferrer noopener\">Kone\u010dn\u00e9 absolutn\u00ed po\u0159ad\u00ed Kru\u0161nohorsk\u00e9ho poh\u00e1ru 2021 Po odjet\u00ed sedmi a v\u00edce z\u00e1vod\u016f<\/a><\/strong><\/td><td><strong><a href=\"https:\/\/www.krusnohorskypohar.cz\/wp-content\/uploads\/2021\/10\/229.pdf\" target=\"_blank\" rel=\"noreferrer noopener\">Kone\u010dn\u00e9 absolutn\u00ed po\u0159ad\u00ed t\u0159\u00edd Kru\u0161nohorsk\u00e9ho poh\u00e1ru 2021 Po odjet\u00ed sedmi a v\u00edce z\u00e1vod\u016f<\/a><\/strong><\/td><\/tr><\/tbody><\/table><\/figure>\n\n\n\n<figure class=\"wp-block-table is-style-stripes\"><table><tbody><tr><td><strong>Absolutn\u00ed po\u0159ad\u00ed Kru\u0161nohorsk\u00e9ho poh\u00e1ru 2021<\/strong><\/td><td><strong>Absolutn\u00ed po\u0159ad\u00ed t\u0159\u00edd Kru\u0161nohorsk\u00e9ho poh\u00e1ru 2021<\/strong><\/td><\/tr><tr><td><strong><a href=\"https:\/\/www.krusnohorskypohar.cz\/wp-content\/uploads\/2021\/06\/151.pdf\" target=\"_blank\" rel=\"noreferrer noopener\">po prvn\u00edm  z\u00e1vod\u011b v Sosnov\u00e9<\/a><\/strong><\/td><td><strong><a href=\"https:\/\/www.krusnohorskypohar.cz\/wp-content\/uploads\/2021\/06\/150.pdf\" target=\"_blank\" rel=\"noreferrer noopener\">po prvn\u00edm  z\u00e1vod\u011b v Sosnov\u00e9<\/a><\/strong><\/td><\/tr><tr><td><strong><a href=\"https:\/\/www.krusnohorskypohar.cz\/wp-content\/uploads\/2021\/06\/158.pdf\" target=\"_blank\" rel=\"noreferrer noopener\">po druh\u00e9m z\u00e1vod\u011b<\/a><\/strong><\/td><td><strong><a href=\"https:\/\/www.krusnohorskypohar.cz\/wp-content\/uploads\/2021\/06\/157.pdf\" target=\"_blank\" rel=\"noreferrer noopener\">po druh\u00e9m z\u00e1vod\u011b<\/a><\/strong><\/td><\/tr><tr><td><strong><a href=\"https:\/\/www.krusnohorskypohar.cz\/wp-content\/uploads\/2021\/06\/158.pdf\" target=\"_blank\" rel=\"noreferrer noopener\">po t\u0159et\u00edm z\u00e1vod\u011b<\/a><\/strong><\/td><td><strong><a href=\"https:\/\/www.krusnohorskypohar.cz\/wp-content\/uploads\/2021\/06\/157.pdf\" target=\"_blank\" rel=\"noreferrer noopener\">po t\u0159et\u00edm z\u00e1vod\u011b<\/a><\/strong><\/td><\/tr><tr><td><strong><a href=\"https:\/\/www.krusnohorskypohar.cz\/wp-content\/uploads\/2021\/07\/207.pdf\" target=\"_blank\" rel=\"noreferrer noopener\">po \u010dtvrt\u00e9m z\u00e1vod\u011b<\/a><\/strong><\/td><td><strong><a href=\"https:\/\/www.krusnohorskyhttps:\/\/www.krusnohorskypohar.cz\/wp-content\/uploads\/2021\/07\/206.pdf\" target=\"_blank\" rel=\"noreferrer noopener\">po \u010dtvrt\u00e9m z\u00e1vod\u011b<\/a><\/strong><\/td><\/tr><tr><td><strong><a href=\"https:\/\/www.krusnohorskypohar.cz\/wp-content\/uploads\/2021\/07\/207.pdf\" target=\"_blank\" rel=\"noreferrer noopener\">po p\u00e1t\u00e9m z\u00e1vod\u011b<\/a><\/strong><\/td><td><strong><a href=\"https:\/\/www.krusnohorskypohar.cz\/wp-content\/uploads\/2021\/07\/206.pdf\" target=\"_blank\" rel=\"noreferrer noopener\">po p\u00e1t\u00e9m z\u00e1vod\u011b<\/a><\/strong><\/td><\/tr><tr><td><strong><a href=\"https:\/\/www.krusnohorskypohar.cz\/wp-content\/uploads\/2021\/08\/212.pdf\" target=\"_blank\" rel=\"noreferrer noopener\">po \u0161est\u00e9m z\u00e1vod\u011b<\/a><\/strong><\/td><td><strong><a href=\"https:\/\/www.krusnohorskypohar.cz\/wp-content\/uploads\/2021\/08\/213.pdf\" target=\"_blank\" rel=\"noreferrer noopener\">po \u0161est\u00e9m z\u00e1vod\u011b<\/a><\/strong><\/td><\/tr><tr><td><strong><a href=\"https:\/\/www.krusnohorskypohar.cz\/wp-content\/uploads\/2021\/08\/212.pdf\" target=\"_blank\" rel=\"noreferrer noopener\">po sedm\u00e9m z\u00e1vod\u011b<\/a><\/strong><\/td><td><strong><a href=\"https:\/\/www.krusnohorskypohar.cz\/wp-content\/uploads\/2021\/08\/213.pdf\" target=\"_blank\" rel=\"noreferrer noopener\">po sedm\u00e9m z\u00e1vod\u011b<\/a><\/strong><\/td><\/tr><tr><td><strong><a href=\"https:\/\/www.krusnohorskypohar.cz\/wp-content\/uploads\/2021\/09\/219.pdf\" target=\"_blank\" rel=\"noreferrer noopener\">po osm\u00e9m z\u00e1vod\u011b<\/a><\/strong><\/td><td><strong><a href=\"https:\/\/www.krusnohorskypohar.cz\/wp-content\/uploads\/2021\/09\/218-1.pdf\" target=\"_blank\" rel=\"noreferrer noopener\">po osm\u00e9m z\u00e1vod\u011b<\/a><\/strong><\/td><\/tr><tr><td><strong><a href=\"https:\/\/www.krusnohorskypohar.cz\/wp-content\/uploads\/2021\/09\/219.pdf\" target=\"_blank\" rel=\"noreferrer noopener\">po dev\u00e1t\u00e9m z\u00e1vod\u011b<\/a><\/strong><\/td><td><strong><a href=\"https:\/\/www.krusnohorskypohar.cz\/wp-content\/uploads\/2021\/09\/218-1.pdf\" target=\"_blank\" rel=\"noreferrer noopener\">po dev\u00e1t\u00e9m z\u00e1vod\u011b<\/a><\/strong><\/td><\/tr><tr><td><strong><a href=\"https:\/\/www.krusnohorskypohar.cz\/wp-content\/uploads\/2021\/09\/224.pdf\" target=\"_blank\" rel=\"noreferrer noopener\">po des\u00e1t\u00e9m z\u00e1vod\u011b<\/a><\/strong><\/td><td><strong><a href=\"https:\/\/www.krusnohorskypohar.cz\/wp-content\/uploads\/2021\/09\/223.pdf\" target=\"_blank\" rel=\"noreferrer noopener\">po des\u00e1t\u00e9m z\u00e1vod\u011b<\/a><\/strong><\/td><\/tr><tr><td><strong><a href=\"https:\/\/www.krusnohorskypohar.cz\/wp-content\/uploads\/2021\/10\/230.pdf\" target=\"_blank\" rel=\"noreferrer noopener\">po jeden\u00e1ct\u00e9m a dvan\u00e1ct\u00e9m z\u00e1vod\u011b<\/a><\/strong><\/td><td><strong><a href=\"https:\/\/www.krusnohorskypohar.cz\/wp-content\/uploads\/2021\/10\/228.pdf\" target=\"_blank\" rel=\"noreferrer noopener\">po jeden\u00e1ct\u00e9m a dvan\u00e1ct\u00e9m z\u00e1vod\u011b<\/a><\/strong><\/td><\/tr><\/tbody><\/table><\/figure>\n\n\n\n<figure class=\"wp-block-table is-style-stripes\"><table><tbody><tr><td><strong>Autodrom Sosnov\u00e1-&nbsp;<\/strong><\/td><td><strong>trenink<\/strong><\/td><td>.<\/td><td>.<\/td><td>.<\/td><td><strong><a href=\"https:\/\/www.krusnohorskypohar.cz\/wp-content\/uploads\/2021\/05\/104.pdf\" target=\"_blank\" rel=\"noreferrer noopener\">Absolutn\u00ed po\u0159ad\u00ed<\/a><\/strong><\/td><td><strong><a href=\"https:\/\/www.krusnohorskypohar.cz\/wp-content\/uploads\/2021\/05\/105.pdf\" target=\"_blank\" rel=\"noreferrer noopener\">Po\u0159ad\u00ed t\u0159\u00eddy<\/a><\/strong><\/td><\/tr><tr><td><strong>Leti\u0161t\u011b K\u0159i\u017eenec-Vysok\u00e9 Jamn\u00e9-sobota<\/strong><\/td><td>trenink<\/td><td><\/td><td><\/td><td><\/td><td><strong><a href=\"https:\/\/www.krusnohorskypohar.cz\/wp-content\/uploads\/2021\/06\/156.pdf\" target=\"_blank\" rel=\"noreferrer noopener\">Absolutn\u00ed po\u0159ad\u00ed<\/a><\/strong><\/td><td><strong><a href=\"https:\/\/www.krusnohorskypohar.cz\/wp-content\/uploads\/2021\/06\/155.pdf\" target=\"_blank\" rel=\"noreferrer noopener\">Po\u0159ad\u00ed t\u0159\u00eddy<\/a><\/strong><\/td><\/tr><tr><td><strong>Leti\u0161t\u011b K\u0159i\u017eenec-Vysok\u00e9 Jamn\u00e9-ned\u011ble<\/strong><\/td><td>trenink<\/td><td><\/td><td><\/td><td><\/td><td><strong><a href=\"https:\/\/www.krusnohorskypohar.cz\/wp-content\/uploads\/2021\/06\/154.pdf\" target=\"_blank\" rel=\"noreferrer noopener\">Absolutn\u00ed po\u0159ad\u00ed<\/a><\/strong><\/td><td><strong><a href=\"https:\/\/www.krusnohorskypohar.cz\/wp-content\/uploads\/2021\/06\/153.pdf\" target=\"_blank\" rel=\"noreferrer noopener\">Po\u0159ad\u00ed t\u0159\u00eddy<\/a><\/strong><\/td><\/tr><tr><td><strong>ZAV Je\u0161t\u011bd-sobota<\/strong><\/td><td>trenink<\/td><td><\/td><td><\/td><td><\/td><td><a rel=\"noreferrer noopener\" href=\"https:\/\/www.krusnohorskypohar.cz\/wp-content\/uploads\/2021\/07\/201.pdf\" target=\"_blank\"><strong>Absolutn\u00ed po\u0159ad\u00ed<\/strong><\/a><\/td><td><a rel=\"noreferrer noopener\" href=\"https:\/\/www.krusnohorskypohar.cz\/wp-content\/uploads\/2021\/07\/200.pdf\" target=\"_blank\"><strong>Po\u0159ad\u00ed t\u0159\u00eddy<\/strong><\/a><\/td><\/tr><tr><td><strong>ZAV Je\u0161t\u011bd-ned\u011ble<\/strong><\/td><td>trenink<\/td><td><\/td><td><\/td><td><\/td><td><a rel=\"noreferrer noopener\" href=\"https:\/\/www.krusnohorskypohar.cz\/wp-content\/uploads\/2021\/07\/203.pdf\" target=\"_blank\"><strong>Absolutn\u00ed po\u0159ad\u00ed<\/strong><\/a><\/td><td><a rel=\"noreferrer noopener\" href=\"https:\/\/www.krusnohorskypohar.cz\/wp-content\/uploads\/2021\/07\/202.pdf\" target=\"_blank\"><strong>Po\u0159ad\u00ed t\u0159\u00eddy<\/strong><\/a><\/td><\/tr><tr><td><strong>\u00dater\u00fd-Sv\u011btec-sobota<\/strong><\/td><td>trenink<\/td><td><\/td><td><\/td><td><\/td><td><a href=\"https:\/\/www.krusnohorskypohar.cz\/wp-content\/uploads\/2021\/08\/208.pdf\" target=\"_blank\" rel=\"noreferrer noopener\"><strong>Absolutn\u00ed po\u0159ad\u00ed<\/strong><\/a><\/td><td><a href=\"https:\/\/www.krusnohorskypohar.cz\/wp-content\/uploads\/2021\/08\/209.pdf\" target=\"_blank\" rel=\"noreferrer noopener\"><strong>Po\u0159ad\u00ed t\u0159\u00eddy<\/strong><\/a><\/td><\/tr><tr><td>\u00da<strong>ter\u00fd-Sv\u011btec-ned\u011ble<\/strong><\/td><td>trenink<\/td><td><\/td><td><\/td><td><\/td><td><strong><a href=\"https:\/\/www.krusnohorskypohar.cz\/wp-content\/uploads\/2021\/08\/211.pdf\" target=\"_blank\" rel=\"noreferrer noopener\">Absolutn\u00ed po\u0159ad\u00ed<\/a><\/strong><\/td><td><strong><a href=\"https:\/\/www.krusnohorskypohar.cz\/wp-content\/uploads\/2021\/08\/210.pdf\" target=\"_blank\" rel=\"noreferrer noopener\">Po\u0159ad\u00ed t\u0159\u00eddy<\/a><\/strong><\/td><\/tr><tr><td><strong>Kdyn\u011b-Kor\u00e1b-sobota<\/strong><\/td><td>trenink<\/td><td><\/td><td><\/td><td><\/td><td><strong><a href=\"https:\/\/www.krusnohorskypohar.cz\/wp-content\/uploads\/2021\/09\/215.pdf\" target=\"_blank\" rel=\"noreferrer noopener\">Absolutn\u00ed po\u0159ad\u00ed<\/a><\/strong><\/td><td><strong><a href=\"https:\/\/www.krusnohorskypohar.cz\/wp-content\/uploads\/2021\/09\/216.pdf\" target=\"_blank\" rel=\"noreferrer noopener\">Po\u0159ad\u00ed t\u0159\u00eddy<\/a><\/strong><\/td><\/tr><tr><td><strong>Kdyn\u011b-Kor\u00e1b-ned\u011ble<\/strong><\/td><td>trenink<\/td><td><\/td><td><\/td><td><\/td><td><strong><a href=\"https:\/\/www.krusnohorskypohar.cz\/wp-content\/uploads\/2021\/09\/217.pdf\" target=\"_blank\" rel=\"noreferrer noopener\">Absolutn\u00ed po\u0159ad\u00ed<\/a><\/strong><\/td><td><strong><a href=\"https:\/\/www.krusnohorskypohar.cz\/wp-content\/uploads\/2021\/09\/218.pdf\" target=\"_blank\" rel=\"noreferrer noopener\">Po\u0159ad\u00ed t\u0159\u00eddy<\/a><\/strong><\/td><\/tr><tr><td><strong>B\u00edlina-Ka\u0148kov<\/strong><\/td><td>trenink<\/td><td><\/td><td><\/td><td><\/td><td><strong><a href=\"https:\/\/www.krusnohorskypohar.cz\/wp-content\/uploads\/2021\/09\/222.pdf\" target=\"_blank\" rel=\"noreferrer noopener\">Absolutn\u00ed po\u0159ad\u00ed<\/a><\/strong><\/td><td><strong><a href=\"https:\/\/www.krusnohorskypohar.cz\/wp-content\/uploads\/2021\/09\/221.pdf\" target=\"_blank\" rel=\"noreferrer noopener\">Po\u0159ad\u00ed t\u0159\u00eddy<\/a><\/strong><\/td><\/tr><tr><td>Polygon Most(o dvojit\u00e9 body)<\/td><td>trenink<\/td><td><\/td><td><\/td><td><\/td><td><strong><a href=\"https:\/\/www.krusnohorskypohar.cz\/wp-content\/uploads\/2021\/10\/227.pdf\" target=\"_blank\" rel=\"noreferrer noopener\">Absolutn\u00ed po\u0159ad\u00ed<\/a><\/strong><\/td><td><strong><a href=\"https:\/\/www.krusnohorskypohar.cz\/wp-content\/uploads\/2021\/10\/226.pdf\" target=\"_blank\" rel=\"noreferrer noopener\">Po\u0159ad\u00ed t\u0159\u00eddy<\/a><\/strong><\/td><\/tr><tr><td><strong><a href=\"https:\/\/www.krusnohorskypohar.cz\/wp-content\/uploads\/2021\/10\/232.pdf\" target=\"_blank\" rel=\"noreferrer noopener\">Poh\u00e1r team\u016f 2021<\/a><\/strong><\/td><\/tr><\/tbody><\/table><\/figure>\n\n\n\n<p><\/p>\n","protected":false},"excerpt":{"rendered":"<p>Kone\u010dn\u00e9 absolutn\u00ed po\u0159ad\u00ed Kru\u0161nohorsk\u00e9ho poh\u00e1ru 2021 Po odjet\u00ed sedmi a v\u00edce z\u00e1vod\u016f Kone\u010dn\u00e9 absolutn\u00ed po\u0159ad\u00ed t\u0159\u00edd Kru\u0161nohorsk\u00e9ho poh\u00e1ru 2021 Po odjet\u00ed sedmi a v\u00edce z\u00e1vod\u016f Absolutn\u00ed po\u0159ad\u00ed Kru\u0161nohorsk\u00e9ho poh\u00e1ru 2021 Absolutn\u00ed po\u0159ad\u00ed t\u0159\u00edd Kru\u0161nohorsk\u00e9ho poh\u00e1ru 2021 po prvn\u00edm z\u00e1vod\u011b v Sosnov\u00e9 po prvn\u00edm z\u00e1vod\u011b v Sosnov\u00e9 po druh\u00e9m z\u00e1vod\u011b po druh\u00e9m z\u00e1vod\u011b po t\u0159et\u00edm z\u00e1vod\u011b&hellip;<\/p>\n","protected":false},"author":2,"featured_media":0,"parent":0,"menu_order":0,"comment_status":"closed","ping_status":"closed","template":"","meta":[],"_links":{"self":[{"href":"https:\/\/www.krusnohorskypohar.cz\/index.php\/wp-json\/wp\/v2\/pages\/99"}],"collection":[{"href":"https:\/\/www.krusnohorskypohar.cz\/index.php\/wp-json\/wp\/v2\/pages"}],"about":[{"href":"https:\/\/www.krusnohorskypohar.cz\/index.php\/wp-json\/wp\/v2\/types\/page"}],"author":[{"embeddable":true,"href":"https:\/\/www.krusnohorskypohar.cz\/index.php\/wp-json\/wp\/v2\/users\/2"}],"replies":[{"embeddable":true,"href":"https:\/\/www.krusnohorskypohar.cz\/index.php\/wp-json\/wp\/v2\/comments?post=99"}],"version-history":[{"count":36,"href":"https:\/\/www.krusnohorskypohar.cz\/index.php\/wp-json\/wp\/v2\/pages\/99\/revisions"}],"predecessor-version":[{"id":1503,"href":"https:\/\/www.krusnohorskypohar.cz\/index.php\/wp-json\/wp\/v2\/pages\/99\/revisions\/1503"}],"wp:attachment":[{"href":"https:\/\/www.krusnohorskypohar.cz\/index.php\/wp-json\/wp\/v2\/media?parent=99"}],"curies":[{"name":"wp","href":"https:\/\/api.w.org\/{rel}","templated":true}]}}