{"id":8904,"date":"2025-12-01T19:25:22","date_gmt":"2025-12-01T19:25:22","guid":{"rendered":"https:\/\/www.krusnohorskypohar.cz\/?page_id=8904"},"modified":"2025-12-01T19:25:22","modified_gmt":"2025-12-01T19:25:22","slug":"zav-autodrom-sosnova-ii","status":"publish","type":"page","link":"https:\/\/www.krusnohorskypohar.cz\/index.php\/zav-autodrom-sosnova-ii\/","title":{"rendered":"ZAV Autodrom Sosnov\u00e1 II"},"content":{"rendered":"\n<ul id=\"block-2011efa8-0507-41f7-a503-29b5b7e18029\"><li>datum kon\u00e1n\u00ed \u2013 17.10.2026<\/li><li>kapacita trat\u011b \u2013 110 jezdc\u016f<\/li><li>startovn\u00e9-<\/li><li>\u010d\u00edslo \u00fa\u010dtu-<\/li><\/ul>\n","protected":false},"excerpt":{"rendered":"<p>datum kon\u00e1n\u00ed \u2013 17.10.2026 kapacita trat\u011b \u2013 110 jezdc\u016f startovn\u00e9- \u010d\u00edslo \u00fa\u010dtu-<\/p>\n","protected":false},"author":2,"featured_media":0,"parent":0,"menu_order":0,"comment_status":"closed","ping_status":"closed","template":"","meta":[],"_links":{"self":[{"href":"https:\/\/www.krusnohorskypohar.cz\/index.php\/wp-json\/wp\/v2\/pages\/8904"}],"collection":[{"href":"https:\/\/www.krusnohorskypohar.cz\/index.php\/wp-json\/wp\/v2\/pages"}],"about":[{"href":"https:\/\/www.krusnohorskypohar.cz\/index.php\/wp-json\/wp\/v2\/types\/page"}],"author":[{"embeddable":true,"href":"https:\/\/www.krusnohorskypohar.cz\/index.php\/wp-json\/wp\/v2\/users\/2"}],"replies":[{"embeddable":true,"href":"https:\/\/www.krusnohorskypohar.cz\/index.php\/wp-json\/wp\/v2\/comments?post=8904"}],"version-history":[{"count":1,"href":"https:\/\/www.krusnohorskypohar.cz\/index.php\/wp-json\/wp\/v2\/pages\/8904\/revisions"}],"predecessor-version":[{"id":8905,"href":"https:\/\/www.krusnohorskypohar.cz\/index.php\/wp-json\/wp\/v2\/pages\/8904\/revisions\/8905"}],"wp:attachment":[{"href":"https:\/\/www.krusnohorskypohar.cz\/index.php\/wp-json\/wp\/v2\/media?parent=8904"}],"curies":[{"name":"wp","href":"https:\/\/api.w.org\/{rel}","templated":true}]}}