{"id":8856,"date":"2025-12-01T18:34:09","date_gmt":"2025-12-01T18:34:09","guid":{"rendered":"https:\/\/www.krusnohorskypohar.cz\/?page_id=8856"},"modified":"2025-12-01T19:49:27","modified_gmt":"2025-12-01T19:49:27","slug":"zav-kdyne-19-20-9-2026","status":"publish","type":"page","link":"https:\/\/www.krusnohorskypohar.cz\/index.php\/zav-kdyne-19-20-9-2026\/","title":{"rendered":"ZAV Kdyn\u011b 19-20.9.2026"},"content":{"rendered":"\n<ul><li>datum kon\u00e1n\u00ed \u2013 19-20.9.2026<\/li><li>kapacita trat\u011b \u2013 110 jezdc\u016f<\/li><li>po\u010det p\u0159ihl\u00e1\u0161en\u00fdch jezdc\u016f-0<\/li><li>po\u010det voln\u00fdch m\u00edst-110<\/li><li>startovn\u00e9-<\/li><li>\u010d\u00edslo \u00fa\u010dtu-<\/li><\/ul>\n\n\n\n<figure class=\"wp-block-table is-style-stripes\"><table><tbody><tr><td>Startovn\u00ed \u010d\u00edslo<\/td><td>skupina \u0160koda cup 1400ccm<\/td><td>st\u00e1t<\/td><td>p\u0159\u00edjmen\u00ed a jm\u00e9no<\/td><td>n\u00e1zev teamu<\/td><td>vozidlo<\/td><td>oba dny<\/td><\/tr><tr><td><\/td><td><\/td><td><\/td><td><\/td><td><\/td><td><\/td><td><\/td><\/tr><\/tbody><\/table><\/figure>\n\n\n\n<figure class=\"wp-block-table is-style-stripes\"><table><tbody><tr><td>Startovn\u00ed \u010d\u00edslo<\/td><td>skupina \u0160koda cup 1600ccm<\/td><td>st\u00e1t<\/td><td>p\u0159\u00edjmen\u00ed a jm\u00e9no<\/td><td>n\u00e1zev teamu<\/td><td>vozidlo<\/td><td>oba dny<\/td><\/tr><tr><td><\/td><td><\/td><td><\/td><td><\/td><td><\/td><td><\/td><td><\/td><\/tr><\/tbody><\/table><\/figure>\n\n\n\n<figure class=\"wp-block-table is-style-stripes\"><table><tbody><tr><td>Startovn\u00ed \u010d\u00edslo<\/td><td>skupina N do 1400ccm<\/td><td>st\u00e1t<\/td><td>p\u0159\u00edjmen\u00ed a jm\u00e9no<\/td><td>n\u00e1zev teamu<\/td><td>vozidlo<\/td><td>oba dny<\/td><\/tr><tr><td><\/td><td><\/td><td><\/td><td><\/td><td><\/td><td><\/td><td><\/td><\/tr><\/tbody><\/table><\/figure>\n\n\n\n<figure class=\"wp-block-table is-style-stripes\"><table><tbody><tr><td>Startovn\u00ed \u010d\u00edslo<\/td><td>skupina N do 1600ccm<\/td><td>st\u00e1t<\/td><td>p\u0159\u00edjmen\u00ed a jm\u00e9no<\/td><td>n\u00e1zev teamu<\/td><td>vozidlo<\/td><td>oba dny<\/td><\/tr><tr><td><\/td><td><\/td><td><\/td><td><\/td><td><\/td><td><\/td><td><\/td><\/tr><\/tbody><\/table><\/figure>\n\n\n\n<figure class=\"wp-block-table is-style-stripes\"><table><tbody><tr><td>Startovn\u00ed \u010d\u00edslo<\/td><td>skupina N do 2000ccm<\/td><td>st\u00e1t<\/td><td>p\u0159\u00edjmen\u00ed a jm\u00e9no<\/td><td>n\u00e1zev teamu<\/td><td>vozidlo<\/td><td>oba dny<\/td><\/tr><tr><td><\/td><td><\/td><td><\/td><td><\/td><td><\/td><td><\/td><td><\/td><\/tr><\/tbody><\/table><\/figure>\n\n\n\n<figure class=\"wp-block-table is-style-stripes\"><table><tbody><tr><td>Startovn\u00ed \u010d\u00edslo<\/td><td>skupina N nad 2001ccm<\/td><td>st\u00e1t<\/td><td>p\u0159\u00edjmen\u00ed a jm\u00e9no<\/td><td>n\u00e1zev teamu<\/td><td>vozidlo<\/td><td>oba dny<\/td><\/tr><tr><td><\/td><td><\/td><td><\/td><td><\/td><td><\/td><td><\/td><td><\/td><\/tr><\/tbody><\/table><\/figure>\n\n\n\n<figure class=\"wp-block-table is-style-stripes\"><table><tbody><tr><td>Startovn\u00ed \u010d\u00edslo<\/td><td>skupina N2-voln\u00e1<\/td><td>st\u00e1t<\/td><td>p\u0159\u00edjmen\u00ed a jm\u00e9no<\/td><td>n\u00e1zev teamu<\/td><td>vozidlo<\/td><td>oba dny<\/td><\/tr><tr><td><\/td><td><\/td><td><\/td><td><\/td><td><\/td><td><\/td><td><\/td><\/tr><\/tbody><\/table><\/figure>\n\n\n\n<figure class=\"wp-block-table is-style-stripes\"><table><tbody><tr><td>Startovn\u00ed \u010d\u00edslo<\/td><td>skupina E1 do 950ccm<\/td><td>st\u00e1t<\/td><td>p\u0159\u00edjmen\u00ed a jm\u00e9no<\/td><td>n\u00e1zev teamu<\/td><td>vozidlo<\/td><td>oba dny<\/td><\/tr><tr><td><\/td><td><\/td><td><\/td><td><\/td><td><\/td><td><\/td><td><\/td><\/tr><\/tbody><\/table><\/figure>\n\n\n\n<figure class=\"wp-block-table is-style-stripes\"><table><tbody><tr><td>Startovn\u00ed \u010d\u00edslo<\/td><td>skupina E1 do 1400ccm<\/td><td>st\u00e1t<\/td><td>p\u0159\u00edjmen\u00ed a jm\u00e9no<\/td><td>n\u00e1zev teamu<\/td><td>vozidlo<\/td><td>oba dny<\/td><\/tr><tr><td><\/td><td><\/td><td><\/td><td><\/td><td><\/td><td><\/td><td><\/td><\/tr><\/tbody><\/table><\/figure>\n\n\n\n<figure class=\"wp-block-table is-style-stripes\"><table><tbody><tr><td>Startovn\u00ed \u010d\u00edslo<\/td><td>skupina E1 do 1600ccm<\/td><td>st\u00e1t<\/td><td>p\u0159\u00edjmen\u00ed a jm\u00e9no<\/td><td>n\u00e1zev teamu<\/td><td>vozidlo<\/td><td>oba dny<\/td><\/tr><tr><td><\/td><td><\/td><td><\/td><td><\/td><td><\/td><td><\/td><td><\/td><\/tr><\/tbody><\/table><\/figure>\n\n\n\n<figure class=\"wp-block-table is-style-stripes\"><table><tbody><tr><td>Startovn\u00ed \u010d\u00edslo<\/td><td>skupina E1 do 2000ccm<\/td><td>st\u00e1t<\/td><td>p\u0159\u00edjmen\u00ed a jm\u00e9no<\/td><td>n\u00e1zev teamu<\/td><td>vozidlo<\/td><td>oba dny<\/td><\/tr><tr><td><\/td><td><\/td><td><\/td><td><\/td><td><\/td><td><\/td><td><\/td><\/tr><\/tbody><\/table><\/figure>\n\n\n\n<figure class=\"wp-block-table is-style-stripes\"><table><tbody><tr><td>Startovn\u00ed \u010d\u00edslo<\/td><td>skupina E1 nad 2001ccm<\/td><td>st\u00e1t<\/td><td>p\u0159\u00edjmen\u00ed a jm\u00e9no<\/td><td>n\u00e1zev teamu<\/td><td>vozidlo<\/td><td>oba dny<\/td><\/tr><tr><td><\/td><td><\/td><td><\/td><td><\/td><td><\/td><td><\/td><td><\/td><\/tr><\/tbody><\/table><\/figure>\n\n\n\n<figure class=\"wp-block-table is-style-stripes\"><table><tbody><tr><td>Startovn\u00ed \u010d\u00edslo<\/td><td>skupina E2 -voln\u00e1<\/td><td>st\u00e1t<\/td><td>p\u0159\u00edjmen\u00ed a jm\u00e9no<\/td><td>n\u00e1zev teamu<\/td><td>vozidlo<\/td><td>oba dny<\/td><\/tr><tr><td><\/td><td><\/td><td><\/td><td><\/td><td><\/td><td><\/td><td><\/td><\/tr><\/tbody><\/table><\/figure>\n\n\n\n<figure class=\"wp-block-table is-style-stripes\"><table><tbody><tr><td>Startovn\u00ed \u010d\u00edslo<\/td><td>skupina E2 -formule<\/td><td>st\u00e1t<\/td><td>p\u0159\u00edjmen\u00ed a jm\u00e9no<\/td><td>n\u00e1zev teamu<\/td><td>vozidlo<\/td><td>oba dny<\/td><\/tr><tr><td><\/td><td><\/td><td><\/td><td><\/td><td><\/td><td><\/td><td><\/td><\/tr><\/tbody><\/table><\/figure>\n\n\n\n<figure class=\"wp-block-table is-style-stripes\"><table><tbody><tr><td>Startovn\u00ed \u010d\u00edslo<\/td><td>skupina E2 -M<\/td><td>st\u00e1t<\/td><td>p\u0159\u00edjmen\u00ed a jm\u00e9no<\/td><td>n\u00e1zev teamu<\/td><td>vozidlo<\/td><td>oba dny<\/td><\/tr><tr><td><\/td><td><\/td><td><\/td><td><\/td><td><\/td><td><\/td><td><\/td><\/tr><\/tbody><\/table><\/figure>\n\n\n\n<figure class=\"wp-block-table is-style-stripes\"><table><tbody><tr><td>Startovn\u00ed \u010d\u00edslo<\/td><td>skupina H do 1400ccm<\/td><td>st\u00e1t<\/td><td>p\u0159\u00edjmen\u00ed a jm\u00e9no<\/td><td>n\u00e1zev teamu<\/td><td>vozidlo<\/td><td>oba dny<\/td><\/tr><tr><td><\/td><td><\/td><td><\/td><td><\/td><td><\/td><td><\/td><td><\/td><\/tr><\/tbody><\/table><\/figure>\n\n\n\n<figure class=\"wp-block-table is-style-stripes\"><table><tbody><tr><td>Startovn\u00ed \u010d\u00edslo<\/td><td>skupina H do 1600ccm<\/td><td>st\u00e1t<\/td><td>p\u0159\u00edjmen\u00ed a jm\u00e9no<\/td><td>n\u00e1zev teamu<\/td><td>vozidlo<\/td><td>oba dny<\/td><\/tr><tr><td><\/td><td><\/td><td><\/td><td><\/td><td><\/td><td><\/td><td><\/td><\/tr><\/tbody><\/table><\/figure>\n\n\n\n<figure class=\"wp-block-table is-style-stripes\"><table><tbody><tr><td>Startovn\u00ed \u010d\u00edslo<\/td><td>skupina H do 2000ccm<\/td><td>st\u00e1t<\/td><td>p\u0159\u00edjmen\u00ed a jm\u00e9no<\/td><td>n\u00e1zev teamu<\/td><td>vozidlo<\/td><td>oba dny<\/td><\/tr><tr><td><\/td><td><\/td><td><\/td><td><\/td><td><\/td><td><\/td><td><\/td><\/tr><\/tbody><\/table><\/figure>\n\n\n\n<figure class=\"wp-block-table is-style-stripes\"><table><tbody><tr><td>Startovn\u00ed \u010d\u00edslo<\/td><td>skupina H nad 2001ccm<\/td><td>st\u00e1t<\/td><td>p\u0159\u00edjmen\u00ed a jm\u00e9no<\/td><td>n\u00e1zev teamu<\/td><td>vozidlo<\/td><td>oba dny<\/td><\/tr><tr><td><\/td><td><\/td><td><\/td><td><\/td><td><\/td><td><\/td><td><\/td><\/tr><\/tbody><\/table><\/figure>\n\n\n\n<figure class=\"wp-block-table is-style-stripes\"><table><tbody><tr><td>Startovn\u00ed \u010d\u00edslo<\/td><td>skupina R do 1150ccm<\/td><td>st\u00e1t<\/td><td>p\u0159\u00edjmen\u00ed a jm\u00e9no<\/td><td>n\u00e1zev teamu<\/td><td>vozidlo<\/td><td>oba dny<\/td><\/tr><tr><td><\/td><td><\/td><td><\/td><td><\/td><td><\/td><td><\/td><td><\/td><\/tr><\/tbody><\/table><\/figure>\n\n\n\n<figure class=\"wp-block-table is-style-stripes\"><table><tbody><tr><td>Startovn\u00ed \u010d\u00edslo<\/td><td>skupina R do 1400ccm<\/td><td>st\u00e1t<\/td><td>p\u0159\u00edjmen\u00ed a jm\u00e9no<\/td><td>n\u00e1zev teamu<\/td><td>vozidlo<\/td><td>oba dny<\/td><\/tr><tr><td><\/td><td><\/td><td><\/td><td><\/td><td><\/td><td><\/td><td><\/td><\/tr><\/tbody><\/table><\/figure>\n\n\n\n<figure class=\"wp-block-table is-style-stripes\"><table><tbody><tr><td>Startovn\u00ed \u010d\u00edslo<\/td><td>skupina R do 1600ccm<\/td><td>st\u00e1t<\/td><td>p\u0159\u00edjmen\u00ed a jm\u00e9no<\/td><td>n\u00e1zev teamu<\/td><td>vozidlo<\/td><td>oba dny<\/td><\/tr><tr><td><\/td><td><\/td><td><\/td><td><\/td><td><\/td><td><\/td><td><\/td><\/tr><\/tbody><\/table><\/figure>\n\n\n\n<figure class=\"wp-block-table is-style-stripes\"><table><tbody><tr><td>Startovn\u00ed \u010d\u00edslo<\/td><td>skupina R do 2000ccm<\/td><td>st\u00e1t<\/td><td>p\u0159\u00edjmen\u00ed a jm\u00e9no<\/td><td>n\u00e1zev teamu<\/td><td>vozidlo<\/td><td>oba dny<\/td><\/tr><tr><td><\/td><td><\/td><td><\/td><td><\/td><td><\/td><td><\/td><td><\/td><\/tr><\/tbody><\/table><\/figure>\n\n\n\n<figure class=\"wp-block-table is-style-stripes\"><table><tbody><tr><td>Startovn\u00ed \u010d\u00edslo<\/td><td>skupina R nad 2001ccm<\/td><td>st\u00e1t<\/td><td>p\u0159\u00edjmen\u00ed a jm\u00e9no<\/td><td>n\u00e1zev teamu<\/td><td>vozidlo<\/td><td>oba dny<\/td><\/tr><tr><td><\/td><td><\/td><td><\/td><td><\/td><td><\/td><td><\/td><td><\/td><\/tr><\/tbody><\/table><\/figure>\n\n\n\n<figure class=\"wp-block-table is-style-stripes\"><table><tbody><tr><td>Startovn\u00ed \u010d\u00edslo<\/td><td>skupina Junior cup 1400ccm<\/td><td>st\u00e1t<\/td><td>p\u0159\u00edjmen\u00ed a jm\u00e9no<\/td><td>n\u00e1zev teamu<\/td><td>vozidlo<\/td><td>oba dny<\/td><\/tr><tr><td><\/td><td><\/td><td><\/td><td><\/td><td><\/td><td><\/td><td><\/td><\/tr><\/tbody><\/table><\/figure>\n\n\n\n<figure class=\"wp-block-table is-style-stripes\"><table><tbody><tr><td>Startovn\u00ed \u010d\u00edslo<\/td><td>skupina Junior cup 1600ccm<\/td><td>st\u00e1t<\/td><td>p\u0159\u00edjmen\u00ed a jm\u00e9no<\/td><td>n\u00e1zev teamu<\/td><td>vozidlo<\/td><td>oba dny<\/td><\/tr><\/tbody><\/table><\/figure>\n","protected":false},"excerpt":{"rendered":"<p>datum kon\u00e1n\u00ed \u2013 19-20.9.2026 kapacita trat\u011b \u2013 110 jezdc\u016f po\u010det p\u0159ihl\u00e1\u0161en\u00fdch jezdc\u016f-0 po\u010det voln\u00fdch m\u00edst-110 startovn\u00e9- \u010d\u00edslo \u00fa\u010dtu- Startovn\u00ed \u010d\u00edslo skupina \u0160koda cup 1400ccm st\u00e1t p\u0159\u00edjmen\u00ed a jm\u00e9no n\u00e1zev teamu vozidlo oba dny Startovn\u00ed \u010d\u00edslo skupina \u0160koda cup 1600ccm st\u00e1t p\u0159\u00edjmen\u00ed a jm\u00e9no n\u00e1zev teamu vozidlo oba dny Startovn\u00ed \u010d\u00edslo skupina N do 1400ccm st\u00e1t&hellip;<\/p>\n","protected":false},"author":2,"featured_media":0,"parent":0,"menu_order":0,"comment_status":"closed","ping_status":"closed","template":"","meta":[],"_links":{"self":[{"href":"https:\/\/www.krusnohorskypohar.cz\/index.php\/wp-json\/wp\/v2\/pages\/8856"}],"collection":[{"href":"https:\/\/www.krusnohorskypohar.cz\/index.php\/wp-json\/wp\/v2\/pages"}],"about":[{"href":"https:\/\/www.krusnohorskypohar.cz\/index.php\/wp-json\/wp\/v2\/types\/page"}],"author":[{"embeddable":true,"href":"https:\/\/www.krusnohorskypohar.cz\/index.php\/wp-json\/wp\/v2\/users\/2"}],"replies":[{"embeddable":true,"href":"https:\/\/www.krusnohorskypohar.cz\/index.php\/wp-json\/wp\/v2\/comments?post=8856"}],"version-history":[{"count":3,"href":"https:\/\/www.krusnohorskypohar.cz\/index.php\/wp-json\/wp\/v2\/pages\/8856\/revisions"}],"predecessor-version":[{"id":8928,"href":"https:\/\/www.krusnohorskypohar.cz\/index.php\/wp-json\/wp\/v2\/pages\/8856\/revisions\/8928"}],"wp:attachment":[{"href":"https:\/\/www.krusnohorskypohar.cz\/index.php\/wp-json\/wp\/v2\/media?parent=8856"}],"curies":[{"name":"wp","href":"https:\/\/api.w.org\/{rel}","templated":true}]}}