{"id":7152,"date":"2024-11-24T19:11:04","date_gmt":"2024-11-24T19:11:04","guid":{"rendered":"https:\/\/www.krusnohorskypohar.cz\/?page_id=7152"},"modified":"2025-07-27T19:20:50","modified_gmt":"2025-07-27T19:20:50","slug":"kalendar-2025","status":"publish","type":"page","link":"https:\/\/www.krusnohorskypohar.cz\/index.php\/kalendar-2025\/","title":{"rendered":"Kalend\u00e1\u0159 2025"},"content":{"rendered":"\n<figure class=\"wp-block-table\"><table><tbody><tr><td>1.<\/td><td><strong>19.4.2025<\/strong><\/td><td><strong>ZAV&nbsp;Autodrom Sosnov\u00e1<\/strong><\/td><td><strong>jednodenn\u00ed o dvoje body a dva z\u00e1vody<\/strong><\/td><\/tr><tr><td>2.<\/td><td><strong>11.5.2025<\/strong><\/td><td><strong>ZAV&nbsp;B\u00edlina<\/strong><\/td><td><strong><strong>jednodenn\u00ed<\/strong><\/strong><\/td><\/tr><tr><td>3.<\/td><td><strong>31.5.2025<\/strong><\/td><td><strong>ZAV&nbsp;\u017dalany nebo ZAV Osek<\/strong><\/td><td><strong>zru\u0161eno<\/strong><\/td><\/tr><tr><td>4.<\/td><td><strong>28.6.2025<\/strong><\/td><td><strong>ZAV&nbsp;ZAV Adventure Land B\u011bl\u00e1 pod B\u011bzd\u011bzem<\/strong><\/td><td><strong><strong>jednodenn\u00ed o dvoje body a dva z\u00e1vody<\/strong><\/strong><\/td><\/tr><tr><td>5.<\/td><td><strong>26-27.7.2025<\/strong><\/td><td><strong>ZAV<\/strong>\u00a0<strong>Je\u0161t\u011bd<\/strong> <\/td><td><strong><strong>dvoudenn\u00ed<\/strong><\/strong> &#8211; nov\u00fd term\u00edn<\/td><\/tr><tr><td>6.<\/td><td><strong>24.8.2025<\/strong><\/td><td><strong>ZAV\u00a0Bilina<\/strong> <\/td><td><strong><strong>Jednodenn\u00ed<\/strong><\/strong><\/td><\/tr><tr><td>7.<\/td><td><strong>27.-28.9.2025<\/strong><\/td><td><strong>ZAV Kdyn\u011b<\/strong><\/td><td><strong>dvoudenn\u00ed<\/strong><\/td><\/tr><tr><td>8.<\/td><td><strong>18.10.2025<\/strong><\/td><td><strong>ZAV&nbsp;<strong>Autodrom Sosnov\u00e1<\/strong>&nbsp;<strong>II<\/strong><\/strong><\/td><td><strong>jednodenn\u00ed o dvoje body a dva z\u00e1vody<\/strong><\/td><\/tr><tr><td>9.<\/td><td><strong>29.11.2025<\/strong><\/td><td><strong>Pivovar Chodovar-Chodov\u00e1 Plan\u00e1<\/strong><\/td><td><strong>Z\u00e1v\u011bre\u010dn\u00e9 vyhl\u00e1\u0161en\u00ed sez\u00f3ny 2025<\/strong><\/td><\/tr><\/tbody><\/table><\/figure>\n","protected":false},"excerpt":{"rendered":"<p>1. 19.4.2025 ZAV&nbsp;Autodrom Sosnov\u00e1 jednodenn\u00ed o dvoje body a dva z\u00e1vody 2. 11.5.2025 ZAV&nbsp;B\u00edlina jednodenn\u00ed 3. 31.5.2025 ZAV&nbsp;\u017dalany nebo ZAV Osek zru\u0161eno 4. 28.6.2025 ZAV&nbsp;ZAV Adventure Land B\u011bl\u00e1 pod B\u011bzd\u011bzem jednodenn\u00ed o dvoje body a dva z\u00e1vody 5. 26-27.7.2025 ZAV\u00a0Je\u0161t\u011bd dvoudenn\u00ed &#8211; nov\u00fd term\u00edn 6. 24.8.2025 ZAV\u00a0Bilina Jednodenn\u00ed 7. 27.-28.9.2025 ZAV Kdyn\u011b dvoudenn\u00ed 8. 18.10.2025&hellip;<\/p>\n","protected":false},"author":2,"featured_media":0,"parent":0,"menu_order":0,"comment_status":"closed","ping_status":"closed","template":"","meta":[],"_links":{"self":[{"href":"https:\/\/www.krusnohorskypohar.cz\/index.php\/wp-json\/wp\/v2\/pages\/7152"}],"collection":[{"href":"https:\/\/www.krusnohorskypohar.cz\/index.php\/wp-json\/wp\/v2\/pages"}],"about":[{"href":"https:\/\/www.krusnohorskypohar.cz\/index.php\/wp-json\/wp\/v2\/types\/page"}],"author":[{"embeddable":true,"href":"https:\/\/www.krusnohorskypohar.cz\/index.php\/wp-json\/wp\/v2\/users\/2"}],"replies":[{"embeddable":true,"href":"https:\/\/www.krusnohorskypohar.cz\/index.php\/wp-json\/wp\/v2\/comments?post=7152"}],"version-history":[{"count":8,"href":"https:\/\/www.krusnohorskypohar.cz\/index.php\/wp-json\/wp\/v2\/pages\/7152\/revisions"}],"predecessor-version":[{"id":8142,"href":"https:\/\/www.krusnohorskypohar.cz\/index.php\/wp-json\/wp\/v2\/pages\/7152\/revisions\/8142"}],"wp:attachment":[{"href":"https:\/\/www.krusnohorskypohar.cz\/index.php\/wp-json\/wp\/v2\/media?parent=7152"}],"curies":[{"name":"wp","href":"https:\/\/api.w.org\/{rel}","templated":true}]}}