{"id":5792,"date":"2023-11-15T21:44:32","date_gmt":"2023-11-15T21:44:32","guid":{"rendered":"https:\/\/www.krusnohorskypohar.cz\/?page_id=5792"},"modified":"2023-11-15T21:44:32","modified_gmt":"2023-11-15T21:44:32","slug":"trat-autodrom-sosnova","status":"publish","type":"page","link":"https:\/\/www.krusnohorskypohar.cz\/index.php\/trat-autodrom-sosnova\/","title":{"rendered":"Tra\u0165 Autodrom Sosnov\u00e1"},"content":{"rendered":"\n<p>Autodrom Sosnov\u00e1  je v kalend\u00e1\u0159\u00edch Kru\u0161nohorsk\u00e9ho poh\u00e1ru od roku 2015. Jezdilo se v\u00edce variant. Od roku 2022 se ji\u017e jezd\u00ed stabiln\u00ed tra\u0165.<\/p>\n\n\n\n<ul><li>D\u00e9lka trat\u011b 3520m<\/li><li>\u0160\u00ed\u0159ka trat\u011b &#8211; 7-17m<\/li><li>Nadmo\u0159sk\u00e1 v\u00fd\u0161ka-255 m.n.m<\/li><\/ul>\n\n\n\n<p><strong>Historie absolutn\u00edch v\u00edt\u011bz\u016f-<\/strong><\/p>\n\n\n\n<ul><li>21.3.2015- Jan Rieger &#8211; 1:22:252, 1:20:975- sou\u010det \u010das\u016f-2:43:227<\/li><li>19.3.2016- Ji\u0159\u00ed P\u00e1nek &#8211; 1:28:80, 1:28:80-  sou\u010det \u010das\u016f- 2:57:61<\/li><li>2.4.2017-Ond\u0159ej V\u00e1chal &#8211; 1:51:42, 1:52:11- sou\u010det \u010das\u016f- 3:43:53<\/li><li>24.3.2018- Ji\u0159\u00ed P\u00e1nek &#8211; 1:15:51, 1:16:08 &#8211; sou\u010det \u010das\u016f &#8211; 2:31:58<\/li><li>6.4.2019 &#8211; Kay Palme &#8211; 1:12:77, 1:12:43 -sou\u010det \u010das\u016f- 2:25:20<\/li><li>6.6.2020 &#8211; Jind\u0159ich Majer &#8211; 1:39:12, 1:36:50 &#8211; sou\u010det \u010das\u016f- 3:15:62<\/li><li>24.5.2021 &#8211; Ond\u0159ej Hartych- 1:11:51, 1:11:68 &#8211; sou\u010det \u010das\u016f &#8211; 2:23:19<\/li><li>9.4.2022 &#8211; Tom\u00e1\u0161 Lehmann &#8211; 2:36:02, 2:36:52 &#8211; sou\u010det \u010das\u016f &#8211; 5:12:53<\/li><li>17.4.2023 &#8211; Zden\u011bk Vlk &#8211; 2:24:80, 2:24:98- sou\u010det \u010das\u016f &#8211; 4:49:78<\/li><li>3.6.2023 &#8211; Zden\u011bk Vlk &#8211; 2:17:94, 2:16:62 &#8211; sou\u010det \u010das\u016f &#8211; 4:34:56<\/li><\/ul>\n\n\n\n<figure class=\"wp-block-image size-large\"><img loading=\"lazy\" width=\"732\" height=\"1024\" src=\"https:\/\/www.krusnohorskypohar.cz\/wp-content\/uploads\/2023\/02\/sonova23-732x1024.png\" alt=\"\" class=\"wp-image-4233\" srcset=\"https:\/\/www.krusnohorskypohar.cz\/wp-content\/uploads\/2023\/02\/sonova23-732x1024.png 732w, https:\/\/www.krusnohorskypohar.cz\/wp-content\/uploads\/2023\/02\/sonova23-214x300.png 214w, https:\/\/www.krusnohorskypohar.cz\/wp-content\/uploads\/2023\/02\/sonova23.png 768w\" sizes=\"(max-width: 732px) 100vw, 732px\" \/><\/figure>\n\n\n\n<figure class=\"wp-block-embed is-type-video is-provider-youtube wp-block-embed-youtube wp-embed-aspect-16-9 wp-has-aspect-ratio\"><div class=\"wp-block-embed__wrapper\">\n<iframe loading=\"lazy\" title=\"ZAV Kru\u0161nohorsk\u00fd poh\u00e1r 3.6.2023 Autodrom Sosnov\u00e1 ||, \u0160koda CUP do 1400cm3, \u0160koda favorit\" width=\"1170\" height=\"658\" src=\"https:\/\/www.youtube.com\/embed\/VDzJxu472K0?feature=oembed\" frameborder=\"0\" allow=\"accelerometer; autoplay; clipboard-write; encrypted-media; gyroscope; picture-in-picture; web-share\" allowfullscreen><\/iframe>\n<\/div><\/figure>\n","protected":false},"excerpt":{"rendered":"<p>Autodrom Sosnov\u00e1 je v kalend\u00e1\u0159\u00edch Kru\u0161nohorsk\u00e9ho poh\u00e1ru od roku 2015. Jezdilo se v\u00edce variant. Od roku 2022 se ji\u017e jezd\u00ed stabiln\u00ed tra\u0165. D\u00e9lka trat\u011b 3520m \u0160\u00ed\u0159ka trat\u011b &#8211; 7-17m Nadmo\u0159sk\u00e1 v\u00fd\u0161ka-255 m.n.m Historie absolutn\u00edch v\u00edt\u011bz\u016f- 21.3.2015- Jan Rieger &#8211; 1:22:252, 1:20:975- sou\u010det \u010das\u016f-2:43:227 19.3.2016- Ji\u0159\u00ed P\u00e1nek &#8211; 1:28:80, 1:28:80- sou\u010det \u010das\u016f- 2:57:61 2.4.2017-Ond\u0159ej V\u00e1chal &#8211;&hellip;<\/p>\n","protected":false},"author":2,"featured_media":4233,"parent":0,"menu_order":0,"comment_status":"closed","ping_status":"closed","template":"","meta":[],"_links":{"self":[{"href":"https:\/\/www.krusnohorskypohar.cz\/index.php\/wp-json\/wp\/v2\/pages\/5792"}],"collection":[{"href":"https:\/\/www.krusnohorskypohar.cz\/index.php\/wp-json\/wp\/v2\/pages"}],"about":[{"href":"https:\/\/www.krusnohorskypohar.cz\/index.php\/wp-json\/wp\/v2\/types\/page"}],"author":[{"embeddable":true,"href":"https:\/\/www.krusnohorskypohar.cz\/index.php\/wp-json\/wp\/v2\/users\/2"}],"replies":[{"embeddable":true,"href":"https:\/\/www.krusnohorskypohar.cz\/index.php\/wp-json\/wp\/v2\/comments?post=5792"}],"version-history":[{"count":1,"href":"https:\/\/www.krusnohorskypohar.cz\/index.php\/wp-json\/wp\/v2\/pages\/5792\/revisions"}],"predecessor-version":[{"id":5793,"href":"https:\/\/www.krusnohorskypohar.cz\/index.php\/wp-json\/wp\/v2\/pages\/5792\/revisions\/5793"}],"wp:featuredmedia":[{"embeddable":true,"href":"https:\/\/www.krusnohorskypohar.cz\/index.php\/wp-json\/wp\/v2\/media\/4233"}],"wp:attachment":[{"href":"https:\/\/www.krusnohorskypohar.cz\/index.php\/wp-json\/wp\/v2\/media?parent=5792"}],"curies":[{"name":"wp","href":"https:\/\/api.w.org\/{rel}","templated":true}]}}