{"id":5788,"date":"2023-11-15T20:45:35","date_gmt":"2023-11-15T20:45:35","guid":{"rendered":"https:\/\/www.krusnohorskypohar.cz\/?page_id=5788"},"modified":"2023-11-15T22:09:59","modified_gmt":"2023-11-15T22:09:59","slug":"trate","status":"publish","type":"page","link":"https:\/\/www.krusnohorskypohar.cz\/index.php\/trate\/","title":{"rendered":"Trat\u011b"},"content":{"rendered":"\n<p>V t\u00e9to sekci webov\u00fdch str\u00e1nek V\u00e1m postupn\u011b budeme dopl\u0148ovat trat\u011b, kter\u00e9 od roku 2011 do sou\u010dasnosti jezdil Kru\u0161nohorsk\u00fd poh\u00e1r. Tak\u00e9 V\u00e1m v ka\u017ed\u00e9 trati p\u0159edstav\u00edme absolutn\u00edho v\u00edt\u011bze  s \u010dasy. Ji\u017e te\u010f se m\u016f\u017eete pod\u00edvat na Autodrom Sosnov\u00e1 a postupem p\u0159id\u00e1me dal\u0161\u00ed. Dopln\u00edme i v\u00edt\u011bze v ka\u017ed\u00e9 t\u0159\u00edd\u011b. Trat\u011b naleznete v podsekci, kliknut\u00edm na tra\u0165.<\/p>\n","protected":false},"excerpt":{"rendered":"<p>V t\u00e9to sekci webov\u00fdch str\u00e1nek V\u00e1m postupn\u011b budeme dopl\u0148ovat trat\u011b, kter\u00e9 od roku 2011 do sou\u010dasnosti jezdil Kru\u0161nohorsk\u00fd poh\u00e1r. Tak\u00e9 V\u00e1m v ka\u017ed\u00e9 trati p\u0159edstav\u00edme absolutn\u00edho v\u00edt\u011bze s \u010dasy. Ji\u017e te\u010f se m\u016f\u017eete pod\u00edvat na Autodrom Sosnov\u00e1 a postupem p\u0159id\u00e1me dal\u0161\u00ed. Dopln\u00edme i v\u00edt\u011bze v ka\u017ed\u00e9 t\u0159\u00edd\u011b. Trat\u011b naleznete v podsekci, kliknut\u00edm na tra\u0165.<\/p>\n","protected":false},"author":2,"featured_media":0,"parent":0,"menu_order":0,"comment_status":"closed","ping_status":"closed","template":"","meta":[],"_links":{"self":[{"href":"https:\/\/www.krusnohorskypohar.cz\/index.php\/wp-json\/wp\/v2\/pages\/5788"}],"collection":[{"href":"https:\/\/www.krusnohorskypohar.cz\/index.php\/wp-json\/wp\/v2\/pages"}],"about":[{"href":"https:\/\/www.krusnohorskypohar.cz\/index.php\/wp-json\/wp\/v2\/types\/page"}],"author":[{"embeddable":true,"href":"https:\/\/www.krusnohorskypohar.cz\/index.php\/wp-json\/wp\/v2\/users\/2"}],"replies":[{"embeddable":true,"href":"https:\/\/www.krusnohorskypohar.cz\/index.php\/wp-json\/wp\/v2\/comments?post=5788"}],"version-history":[{"count":3,"href":"https:\/\/www.krusnohorskypohar.cz\/index.php\/wp-json\/wp\/v2\/pages\/5788\/revisions"}],"predecessor-version":[{"id":5796,"href":"https:\/\/www.krusnohorskypohar.cz\/index.php\/wp-json\/wp\/v2\/pages\/5788\/revisions\/5796"}],"wp:attachment":[{"href":"https:\/\/www.krusnohorskypohar.cz\/index.php\/wp-json\/wp\/v2\/media?parent=5788"}],"curies":[{"name":"wp","href":"https:\/\/api.w.org\/{rel}","templated":true}]}}