{"id":195,"date":"2021-05-28T19:31:37","date_gmt":"2021-05-28T19:31:37","guid":{"rendered":"https:\/\/www.krusnohorskypohar.cz\/?page_id=195"},"modified":"2021-05-28T23:29:04","modified_gmt":"2021-05-28T23:29:04","slug":"vysledky-2015","status":"publish","type":"page","link":"https:\/\/www.krusnohorskypohar.cz\/index.php\/vysledky-2015\/","title":{"rendered":"V\u00fdsledky 2015"},"content":{"rendered":"\n<figure class=\"wp-block-table\"><table><tbody><tr><td><strong><a href=\"https:\/\/www.krusnohorskypohar.cz\/wp-content\/uploads\/2021\/05\/142.pdf\" target=\"_blank\" rel=\"noreferrer noopener\">Absolutn\u00ed po\u0159ad\u00ed Kru\u0161nohorsk\u00e9ho poh\u00e1ru 2015Po odjet\u00ed sedmi a v\u00edce z\u00e1vod\u016f<\/a><\/strong><\/td><td><strong><a href=\"https:\/\/www.krusnohorskypohar.cz\/wp-content\/uploads\/2021\/05\/143.pdf\" target=\"_blank\" rel=\"noreferrer noopener\">Absolutn\u00ed po\u0159ad\u00ed t\u0159\u00edd Kru\u0161nohorsk\u00e9ho poh\u00e1ru 2015Po odjet\u00ed sedmi a v\u00edce z\u00e1vod\u016f<\/a><\/strong><\/td><\/tr><\/tbody><\/table><\/figure>\n\n\n\n<figure class=\"wp-block-table\"><table><tbody><tr><td><strong>Absolutn\u00ed po\u0159ad\u00ed Kru\u0161nohorsk\u00e9ho poh\u00e1ru 2015<\/strong><\/td><td><strong>Absolutn\u00ed po\u0159ad\u00ed t\u0159\u00edd Kru\u0161nohorsk\u00e9ho poh\u00e1ru 2015<\/strong><\/td><\/tr><tr><td><strong><a href=\"https:\/\/www.krusnohorskypohar.cz\/wp-content\/uploads\/2021\/05\/140.pdf\" target=\"_blank\" rel=\"noreferrer noopener\">po patn\u00e1ct\u00e9m z\u00e1vod\u011b<\/a><\/strong><\/td><td><strong><a href=\"https:\/\/www.krusnohorskypohar.cz\/wp-content\/uploads\/2021\/05\/141.pdf\" target=\"_blank\" rel=\"noreferrer noopener\">po patn\u00e1ct\u00e9m z\u00e1vod\u011b<\/a><\/strong><\/td><\/tr><\/tbody><\/table><\/figure>\n\n\n\n<figure class=\"wp-block-table\"><table><tbody><tr><td><strong>Autodrom Sosnov\u00e1<\/strong><\/td><td><strong>21.b\u0159ezna 2015-dopoledn\u00ed z\u00e1vod<\/strong><\/td><td><strong><a href=\"https:\/\/www.krusnohorskypohar.cz\/wp-content\/uploads\/2021\/05\/108.pdf\" target=\"_blank\" rel=\"noreferrer noopener\">Absolutn\u00ed po\u0159ad\u00ed<\/a><\/strong><\/td><td><strong><a href=\"https:\/\/www.krusnohorskypohar.cz\/wp-content\/uploads\/2021\/05\/109.pdf\" target=\"_blank\" rel=\"noreferrer noopener\">Po\u0159ad\u00ed t\u0159\u00eddy<\/a><\/strong><\/td><\/tr><tr><td><strong>Autodrom Sosnov\u00e1<\/strong><\/td><td><strong>21.b\u0159ezna 2015-odpoledn\u00ed z\u00e1vod<\/strong><\/td><td><strong><a href=\"https:\/\/www.krusnohorskypohar.cz\/wp-content\/uploads\/2021\/05\/110.pdf\" target=\"_blank\" rel=\"noreferrer noopener\">Absolutn\u00ed po\u0159ad\u00ed<\/a><\/strong><\/td><td><strong><a href=\"https:\/\/www.krusnohorskypohar.cz\/wp-content\/uploads\/2021\/05\/111.pdf\" target=\"_blank\" rel=\"noreferrer noopener\">Po\u0159ad\u00ed t\u0159\u00eddy<\/a><\/strong><\/td><\/tr><tr><td><strong>B\u00edlina &#8211; Ka\u0148kov(o poh\u00e1r starosty m\u011bsta)<\/strong><\/td><td><strong>18.dubna 2015<\/strong><\/td><td><strong><a href=\"https:\/\/www.krusnohorskypohar.cz\/wp-content\/uploads\/2021\/05\/112.pdf\" target=\"_blank\" rel=\"noreferrer noopener\">Absolutn\u00ed po\u0159ad\u00ed<\/a><\/strong><\/td><td><strong><a href=\"https:\/\/www.krusnohorskypohar.cz\/wp-content\/uploads\/2021\/05\/113.pdf\" target=\"_blank\" rel=\"noreferrer noopener\">Po\u0159ad\u00ed t\u0159\u00eddy<\/a><\/strong><\/td><\/tr><tr><td><strong>J\u00e1chymov &#8211; Mari\u00e1nsk\u00e1<\/strong><\/td><td><strong>2.kv\u011btna 2015<\/strong><\/td><td><strong><a href=\"https:\/\/www.krusnohorskypohar.cz\/wp-content\/uploads\/2021\/05\/114.pdf\" target=\"_blank\" rel=\"noreferrer noopener\">Absolutn\u00ed po\u0159ad\u00ed<\/a><\/strong><\/td><td><strong><a href=\"https:\/\/www.krusnohorskypohar.cz\/wp-content\/uploads\/2021\/05\/115.pdf\" target=\"_blank\" rel=\"noreferrer noopener\">Po\u0159ad\u00ed t\u0159\u00eddy<\/a><\/strong><\/td><\/tr><tr><td><strong>Hodkovice nad Mohelkou &#8211; Z\u00e1skal\u00ed<\/strong><\/td><td><strong>23.kv\u011btna 2015<\/strong><\/td><td><strong><a href=\"https:\/\/www.krusnohorskypohar.cz\/wp-content\/uploads\/2021\/05\/116.pdf\" target=\"_blank\" rel=\"noreferrer noopener\">Absolutn\u00ed po\u0159ad\u00ed<\/a><\/strong><\/td><td><strong><a href=\"https:\/\/www.krusnohorskypohar.cz\/wp-content\/uploads\/2021\/05\/117.pdf\" target=\"_blank\" rel=\"noreferrer noopener\">Po\u0159ad\u00ed t\u0159\u00eddy<\/a><\/strong><\/td><\/tr><tr><td><strong>Krupka &#8211; Kom\u00e1\u0159\u00ed V\u00ed\u017eka<\/strong><\/td><td><strong>13.\u010dervna 2015<\/strong><\/td><td><strong><a href=\"https:\/\/www.krusnohorskypohar.cz\/wp-content\/uploads\/2021\/05\/118.pdf\" target=\"_blank\" rel=\"noreferrer noopener\">Absolutn\u00ed po\u0159ad\u00ed<\/a><\/strong><\/td><td><strong><a href=\"https:\/\/www.krusnohorskypohar.cz\/wp-content\/uploads\/2021\/05\/119.pdf\" target=\"_blank\" rel=\"noreferrer noopener\">Po\u0159ad\u00ed t\u0159\u00eddy<\/a><\/strong><\/td><\/tr><tr><td><strong>Be\u010dov nad Teplou &#8211; Kr\u00e1sno<\/strong><\/td><td><strong>27.\u010dervna 2015<\/strong><\/td><td><strong><a href=\"https:\/\/www.krusnohorskypohar.cz\/wp-content\/uploads\/2021\/05\/120.pdf\" target=\"_blank\" rel=\"noreferrer noopener\">Absolutn\u00ed po\u0159ad\u00ed<\/a><\/strong><\/td><td><strong><a href=\"https:\/\/www.krusnohorskypohar.cz\/wp-content\/uploads\/2021\/05\/121.pdf\" target=\"_blank\" rel=\"noreferrer noopener\">Po\u0159ad\u00ed t\u0159\u00eddy<\/a><\/strong><\/td><\/tr><tr><td><strong>Be\u010dov nad Teplou &#8211; Kr\u00e1sno<\/strong><\/td><td><strong>28.\u010dervna 2015<\/strong><\/td><td><strong><a href=\"https:\/\/www.krusnohorskypohar.cz\/wp-content\/uploads\/2021\/05\/122.pdf\" target=\"_blank\" rel=\"noreferrer noopener\">Absolutn\u00ed po\u0159ad\u00ed<\/a><\/strong><\/td><td><strong><a href=\"https:\/\/www.krusnohorskypohar.cz\/wp-content\/uploads\/2021\/05\/123.pdf\" target=\"_blank\" rel=\"noreferrer noopener\">Po\u0159ad\u00ed t\u0159\u00eddy<\/a><\/strong><\/td><\/tr><tr><td><strong>Osek &#8211; Dlouh\u00e1 louka<\/strong><\/td><td><strong>18.\u010dervence 2015<\/strong><\/td><td><strong><a href=\"https:\/\/www.krusnohorskypohar.cz\/wp-content\/uploads\/2021\/05\/124.pdf\" target=\"_blank\" rel=\"noreferrer noopener\">Absolutn\u00ed po\u0159ad\u00ed<\/a><\/strong><\/td><td><strong><a href=\"https:\/\/www.krusnohorskypohar.cz\/wp-content\/uploads\/2021\/05\/125.pdf\" target=\"_blank\" rel=\"noreferrer noopener\">Po\u0159ad\u00ed t\u0159\u00eddy<\/a><\/strong><\/td><\/tr><tr><td><strong>Osek &#8211; Dlouh\u00e1 louka<\/strong><\/td><td><strong>19.\u010dervence 2015<\/strong><\/td><td><strong><a href=\"https:\/\/www.krusnohorskypohar.cz\/wp-content\/uploads\/2021\/05\/126.pdf\" target=\"_blank\" rel=\"noreferrer noopener\">Absolutn\u00ed po\u0159ad\u00ed<\/a><\/strong><\/td><td><strong><a href=\"https:\/\/www.krusnohorskypohar.cz\/wp-content\/uploads\/2021\/05\/127.pdf\" target=\"_blank\" rel=\"noreferrer noopener\">Po\u0159ad\u00ed t\u0159\u00eddy<\/a><\/strong><\/td><\/tr><tr><td><strong>\u00dater\u00fd &#8211; Sv\u011btec<\/strong><\/td><td><strong>15.srpna 2015<\/strong><\/td><td><strong><a href=\"https:\/\/www.krusnohorskypohar.cz\/wp-content\/uploads\/2021\/05\/128.pdf\" target=\"_blank\" rel=\"noreferrer noopener\">Absolutn\u00ed po\u0159ad\u00ed<\/a><\/strong><\/td><td><strong><a href=\"https:\/\/www.krusnohorskypohar.cz\/wp-content\/uploads\/2021\/05\/129.pdf\" target=\"_blank\" rel=\"noreferrer noopener\">Po\u0159ad\u00ed t\u0159\u00eddy<\/a><\/strong><\/td><\/tr><tr><td><strong>\u00dater\u00fd &#8211; Sv\u011btec<\/strong><\/td><td><strong>16.srpna 2015<\/strong><\/td><td><strong><a href=\"https:\/\/www.krusnohorskypohar.cz\/wp-content\/uploads\/2021\/05\/130.pdf\" target=\"_blank\" rel=\"noreferrer noopener\">Absolutn\u00ed po\u0159ad\u00ed<\/a><\/strong><\/td><td><strong><a href=\"https:\/\/www.krusnohorskypohar.cz\/wp-content\/uploads\/2021\/05\/131.pdf\" target=\"_blank\" rel=\"noreferrer noopener\">Po\u0159ad\u00ed t\u0159\u00eddy<\/a><\/strong><\/td><\/tr><tr><td><strong>Hradi\u0161t\u011b &#8211; Nov\u00e1 V\u00edska<\/strong><\/td><td><strong>29.srpna 2015<\/strong><\/td><td><strong><a href=\"https:\/\/www.krusnohorskypohar.cz\/wp-content\/uploads\/2021\/05\/133.pdf\" target=\"_blank\" rel=\"noreferrer noopener\">Absolutn\u00ed po\u0159ad\u00ed<\/a><\/strong><\/td><td><strong><a href=\"https:\/\/www.krusnohorskypohar.cz\/wp-content\/uploads\/2021\/05\/134.pdf\" target=\"_blank\" rel=\"noreferrer noopener\">Po\u0159ad\u00ed t\u0159\u00eddy<\/a><\/strong><\/td><\/tr><tr><td><strong>Olov\u00ed &#8211; Bou\u010d\u00ed<\/strong><\/td><td><strong>12.z\u00e1\u0159\u00ed 2015<\/strong><\/td><td><strong><a href=\"https:\/\/www.krusnohorskypohar.cz\/wp-content\/uploads\/2021\/05\/135.pdf\" target=\"_blank\" rel=\"noreferrer noopener\">Absolutn\u00ed po\u0159ad\u00ed<\/a><\/strong><\/td><td><strong><a href=\"https:\/\/www.krusnohorskypohar.cz\/wp-content\/uploads\/2021\/05\/136.pdf\" target=\"_blank\" rel=\"noreferrer noopener\">Po\u0159ad\u00ed t\u0159\u00eddy<\/a><\/strong><\/td><\/tr><tr><td><strong>Petlery &#8211; M\u011bd\u011bnec<\/strong><\/td><td><strong>26.z\u00e1\u0159\u00ed 2015<\/strong><\/td><td><strong><a href=\"https:\/\/www.krusnohorskypohar.cz\/wp-content\/uploads\/2021\/05\/139.pdf\" target=\"_blank\" rel=\"noreferrer noopener\">Absolutn\u00ed po\u0159ad\u00ed<\/a><\/strong><\/td><td><strong><a href=\"https:\/\/www.krusnohorskypohar.cz\/wp-content\/uploads\/2021\/05\/137.pdf\" target=\"_blank\" rel=\"noreferrer noopener\">Po\u0159ad\u00ed t\u0159\u00eddy<\/a><\/strong><\/td><\/tr><tr><td><strong>V\u00fdsledky team\u016f<\/strong><\/td><td><\/td><td><strong><a href=\"https:\/\/www.krusnohorskypohar.cz\/wp-content\/uploads\/2021\/05\/138.pdf\" target=\"_blank\" rel=\"noreferrer noopener\">Po\u0159ad\u00ed<\/a><\/strong><\/td><td><\/td><\/tr><\/tbody><\/table><\/figure>\n\n\n\n<p><\/p>\n","protected":false},"excerpt":{"rendered":"<p>Absolutn\u00ed po\u0159ad\u00ed Kru\u0161nohorsk\u00e9ho poh\u00e1ru 2015Po odjet\u00ed sedmi a v\u00edce z\u00e1vod\u016f Absolutn\u00ed po\u0159ad\u00ed t\u0159\u00edd Kru\u0161nohorsk\u00e9ho poh\u00e1ru 2015Po odjet\u00ed sedmi a v\u00edce z\u00e1vod\u016f Absolutn\u00ed po\u0159ad\u00ed Kru\u0161nohorsk\u00e9ho poh\u00e1ru 2015 Absolutn\u00ed po\u0159ad\u00ed t\u0159\u00edd Kru\u0161nohorsk\u00e9ho poh\u00e1ru 2015 po patn\u00e1ct\u00e9m z\u00e1vod\u011b po patn\u00e1ct\u00e9m z\u00e1vod\u011b Autodrom Sosnov\u00e1 21.b\u0159ezna 2015-dopoledn\u00ed z\u00e1vod Absolutn\u00ed po\u0159ad\u00ed Po\u0159ad\u00ed t\u0159\u00eddy Autodrom Sosnov\u00e1 21.b\u0159ezna 2015-odpoledn\u00ed z\u00e1vod Absolutn\u00ed po\u0159ad\u00ed Po\u0159ad\u00ed&hellip;<\/p>\n","protected":false},"author":2,"featured_media":0,"parent":0,"menu_order":0,"comment_status":"closed","ping_status":"closed","template":"","meta":[],"_links":{"self":[{"href":"https:\/\/www.krusnohorskypohar.cz\/index.php\/wp-json\/wp\/v2\/pages\/195"}],"collection":[{"href":"https:\/\/www.krusnohorskypohar.cz\/index.php\/wp-json\/wp\/v2\/pages"}],"about":[{"href":"https:\/\/www.krusnohorskypohar.cz\/index.php\/wp-json\/wp\/v2\/types\/page"}],"author":[{"embeddable":true,"href":"https:\/\/www.krusnohorskypohar.cz\/index.php\/wp-json\/wp\/v2\/users\/2"}],"replies":[{"embeddable":true,"href":"https:\/\/www.krusnohorskypohar.cz\/index.php\/wp-json\/wp\/v2\/comments?post=195"}],"version-history":[{"count":5,"href":"https:\/\/www.krusnohorskypohar.cz\/index.php\/wp-json\/wp\/v2\/pages\/195\/revisions"}],"predecessor-version":[{"id":462,"href":"https:\/\/www.krusnohorskypohar.cz\/index.php\/wp-json\/wp\/v2\/pages\/195\/revisions\/462"}],"wp:attachment":[{"href":"https:\/\/www.krusnohorskypohar.cz\/index.php\/wp-json\/wp\/v2\/media?parent=195"}],"curies":[{"name":"wp","href":"https:\/\/api.w.org\/{rel}","templated":true}]}}